{"id":69,"date":"2018-02-14T09:41:58","date_gmt":"2018-02-14T08:41:58","guid":{"rendered":"http:\/\/www.maxitrad.com\/devis-traduction\/?page_id=69"},"modified":"2020-09-18T14:59:39","modified_gmt":"2020-09-18T12:59:39","slug":"devis","status":"publish","type":"page","link":"https:\/\/www.maxitrad.com\/devis-traduction\/","title":{"rendered":"Accueil"},"content":{"rendered":"<p style=\"text-align: center;\"><span style=\"color: #000000;\"><img loading=\"lazy\" decoding=\"async\" class=\"aligncenter wp-image-6\" src=\"http:\/\/www.maxitrad.com\/devis-traduction\/wp-content\/uploads\/2018\/01\/Logo_main-1024x257.png\" alt=\"\" width=\"520\" height=\"130\" srcset=\"https:\/\/www.maxitrad.com\/devis-traduction\/wp-content\/uploads\/2018\/01\/Logo_main-1024x257.png 1024w, https:\/\/www.maxitrad.com\/devis-traduction\/wp-content\/uploads\/2018\/01\/Logo_main-400x100.png 400w, https:\/\/www.maxitrad.com\/devis-traduction\/wp-content\/uploads\/2018\/01\/Logo_main-300x75.png 300w, https:\/\/www.maxitrad.com\/devis-traduction\/wp-content\/uploads\/2018\/01\/Logo_main-768x192.png 768w, https:\/\/www.maxitrad.com\/devis-traduction\/wp-content\/uploads\/2018\/01\/Logo_main-1200x301.png 1200w\" sizes=\"auto, (max-width: 520px) 85vw, 520px\" \/><\/span><\/p>\n<p style=\"text-align: center;\"><span style=\"color: #000000;\">Bonjour,<\/span><\/p>\n<p style=\"text-align: center;\"><span style=\"color: #000000;\">Vous \u00eates sur la partie priv\u00e9e du site de l&#8217;agence de traduction MaxiTrad.<\/span><\/p>\n<p style=\"text-align: center;\"><span style=\"color: #000000;\">Vous n&#8217;acc\u00e8derez \u00e0 aucune fonctionnalit\u00e9 sur cette page.<\/span><\/p>\n<p style=\"text-align: center;\"><span style=\"color: #000000;\">Vous obtiendrez toutes les informations n\u00e9cessaires sur notre site <a href=\"http:\/\/www.maxitrad.com\">www.maxitrad.com<\/a><\/span><\/p>\n<p style=\"text-align: center;\"><span style=\"color: #000000;\">Bonne visite,<\/span><\/p>\n<p style=\"text-align: center;\"><strong><span style=\"color: #000000;\">MaxiTrad<\/span><\/strong><\/p>\n","protected":false},"excerpt":{"rendered":"<p>Bonjour, Vous \u00eates sur la partie priv\u00e9e du site de l&#8217;agence de traduction MaxiTrad. Vous n&#8217;acc\u00e8derez \u00e0 aucune fonctionnalit\u00e9 sur cette page. Vous obtiendrez toutes les informations n\u00e9cessaires sur notre site www.maxitrad.com Bonne visite, MaxiTrad<\/p>\n","protected":false},"author":1,"featured_media":0,"parent":0,"menu_order":0,"comment_status":"closed","ping_status":"closed","template":"","meta":{"footnotes":""},"class_list":["post-69","page","type-page","status-publish","hentry"],"_links":{"self":[{"href":"https:\/\/www.maxitrad.com\/devis-traduction\/wp-json\/wp\/v2\/pages\/69","targetHints":{"allow":["GET"]}}],"collection":[{"href":"https:\/\/www.maxitrad.com\/devis-traduction\/wp-json\/wp\/v2\/pages"}],"about":[{"href":"https:\/\/www.maxitrad.com\/devis-traduction\/wp-json\/wp\/v2\/types\/page"}],"author":[{"embeddable":true,"href":"https:\/\/www.maxitrad.com\/devis-traduction\/wp-json\/wp\/v2\/users\/1"}],"replies":[{"embeddable":true,"href":"https:\/\/www.maxitrad.com\/devis-traduction\/wp-json\/wp\/v2\/comments?post=69"}],"version-history":[{"count":9,"href":"https:\/\/www.maxitrad.com\/devis-traduction\/wp-json\/wp\/v2\/pages\/69\/revisions"}],"predecessor-version":[{"id":4622,"href":"https:\/\/www.maxitrad.com\/devis-traduction\/wp-json\/wp\/v2\/pages\/69\/revisions\/4622"}],"wp:attachment":[{"href":"https:\/\/www.maxitrad.com\/devis-traduction\/wp-json\/wp\/v2\/media?parent=69"}],"curies":[{"name":"wp","href":"https:\/\/api.w.org\/{rel}","templated":true}]}}